{"id":3428,"date":"2024-03-15T09:17:53","date_gmt":"2024-03-15T08:17:53","guid":{"rendered":"https:\/\/studiomaignan.ovh\/?page_id=3428"},"modified":"2024-06-12T12:03:14","modified_gmt":"2024-06-12T10:03:14","slug":"nos-services","status":"publish","type":"page","link":"https:\/\/www.studiomaignan.com\/index.php\/nos-services\/","title":{"rendered":"Nos services"},"content":{"rendered":"<div class=\"wpb-content-wrapper\"><p>[vc_row full_width=\u00a0\u00bbstretch_row\u00a0\u00bb equal_height=\u00a0\u00bbyes\u00a0\u00bb content_placement=\u00a0\u00bbmiddle\u00a0\u00bb css=\u00a0\u00bb.vc_custom_1712781032037{padding-top: 95px !important;padding-bottom: 35px !important;}\u00a0\u00bb uniqid=\u00a0\u00bb5d64ed679b3ba\u00a0\u00bb][vc_column css_animation=\u00a0\u00bbfadeInLeft\u00a0\u00bb width=\u00a0\u00bb1\/2&Prime; uniqid=\u00a0\u00bb5d64c90a1a796&Prime;]    <div class=\"side-img side-img-5d64c9de9791b style-circle align-left\">\n      <div style=\"background-image: url(https:\/\/www.studiomaignan.com\/wp-content\/uploads\/2024\/04\/Anne-Olivier-Maignan-photographies.webp);\"><\/div>\n    <\/div>\n    [\/vc_column][vc_column css_animation=\u00a0\u00bbfadeInRight\u00a0\u00bb width=\u00a0\u00bb1\/2&Prime; uniqid=\u00a0\u00bb5d64c9001f373&Prime;]      <div class=\"heading-block heading-5d64ce0964b1d tal h-h2 with-line vc_custom_1710520701024\">\n                  <div class=\"sub-h\">\u00c0 PROPOS<\/div>\n                  <h2 class=\"h\">Bienvenue !<br \/>\n<span>Maignan Photographies<\/span><\/h2>\n              <\/div>\n    [vc_column_text css=\u00a0\u00bb.vc_custom_1712525044218{margin-bottom: 31px !important;}\u00a0\u00bb]La boutique est install\u00e9e depuis plus de 40 ans \u00e0 Vitr\u00e9, MAIGNAN Photographies est une entreprise familiale. Nous sommes Olivier et Anne, fr\u00e8re et soeur, et nous vous accueillons au magasin pour immortaliser les moments de votre vie, en studio ou en ext\u00e9rieur&#8230;<br \/>\nNous avons \u00e9galement une partie comptoir pour tous vos travaux amateurs, tirages, agrandissements, etc.[\/vc_column_text]    <div class=\"num-box-items num-box-5d64d53e930b0 row\">\n          <div class=\" col-12 col-sm-6 col-md-4\">\n      <div class=\"num-box num-box-item-5d64d54fa5b4f\">\n        <div class=\"num\">\n          <span>1985<\/span>\n                  <\/div>\n                  <div class=\"title\">\u00c0 vos c\u00f4t\u00e9s depuis 1985<\/div>\n              <\/div>\n    <\/div>\n        <\/div>\n    [\/vc_column][\/vc_row][vc_row][vc_column css_animation=\u00a0\u00bbfadeIn\u00a0\u00bb css=\u00a0\u00bb.vc_custom_1506084142423{padding-top: 40px !important;}\u00a0\u00bb]      <div class=\"heading-block heading-5d67b7e3a17a4 tac h-h2 with-line vc_custom_1710520830152\">\n                  <h2 class=\"h\">Professionnels de l'image<\/h2>\n              <\/div>\n    [vc_row_inner equal_height=\u00a0\u00bbyes\u00a0\u00bb][vc_column_inner width=\u00a0\u00bb1\/3&Prime; css=\u00a0\u00bb.vc_custom_1505483962485{margin-bottom: 35px !important;}\u00a0\u00bb][vc_icon icon_fontawesome=\u00a0\u00bbphoto-icon-box-film\u00a0\u00bb color=\u00a0\u00bbcustom\u00a0\u00bb background_style=\u00a0\u00bbrounded-outline\u00a0\u00bb background_color=\u00a0\u00bbcustom\u00a0\u00bb size=\u00a0\u00bbxl\u00a0\u00bb align=\u00a0\u00bbcenter\u00a0\u00bb custom_background_color=\u00a0\u00bb#c48f56&Prime;][vc_column_text]<\/p>\n<h6 style=\"text-align: center;\"><span style=\"text-transform: uppercase;\">Num\u00e9risation<\/span><\/h6>\n<p style=\"text-align: center;\"><span style=\"font-size: 14px;\"><i>Transf\u00e9rez sur DVD ou disques durs multim\u00e9dia vos bobines de film cin\u00e9ma : Super8, 8 mm, 9.5,16 mm, vos cassettes vid\u00e9o ou diapositives.<\/i><\/span><\/p>\n<p>[\/vc_column_text][\/vc_column_inner][vc_column_inner width=\u00a0\u00bb1\/3&Prime; css=\u00a0\u00bb.vc_custom_1505483969540{margin-bottom: 35px !important;}\u00a0\u00bb][vc_icon icon_fontawesome=\u00a0\u00bbphoto-icon-printing-photo\u00a0\u00bb color=\u00a0\u00bbcustom\u00a0\u00bb background_style=\u00a0\u00bbrounded-outline\u00a0\u00bb background_color=\u00a0\u00bbcustom\u00a0\u00bb size=\u00a0\u00bbxl\u00a0\u00bb align=\u00a0\u00bbcenter\u00a0\u00bb custom_background_color=\u00a0\u00bb#c48f56&Prime;][vc_column_text]<\/p>\n<h6 style=\"text-align: center;\"><span style=\"text-transform: uppercase;\">tirages photos<\/span><\/h6>\n<p style=\"text-align: center;\"><span style=\"font-size: 14px;\"><i>Tirages photos sur de v\u00e9ritable papier photo traditionnel garantie plus de 100 ans ! Nous mettons a votre disposition notre borne \u00ab\u00a0life\u00a0\u00bb afin que vous puissiez s\u00e9lectionner vos photos, formats, etc.<\/i><\/span><\/p>\n<p>[\/vc_column_text][\/vc_column_inner][vc_column_inner width=\u00a0\u00bb1\/3&Prime; css=\u00a0\u00bb.vc_custom_1505483974400{margin-bottom: 35px !important;}\u00a0\u00bb][vc_icon icon_fontawesome=\u00a0\u00bbphoto-icon-picture-in-a-frame\u00a0\u00bb color=\u00a0\u00bbcustom\u00a0\u00bb background_style=\u00a0\u00bbrounded-outline\u00a0\u00bb background_color=\u00a0\u00bbcustom\u00a0\u00bb size=\u00a0\u00bbxl\u00a0\u00bb align=\u00a0\u00bbcenter\u00a0\u00bb custom_background_color=\u00a0\u00bb#c48f56&Prime;][vc_column_text]<\/p>\n<h6 style=\"text-align: center;\"><span style=\"text-transform: uppercase;\">cadres &amp; albums<\/span><\/h6>\n<p style=\"text-align: center;\"><em><span style=\"font-size: 14px;\">Vente de cadres et d&rsquo;albums, nombreuses finitions et mati\u00e8res en boutique.<br \/>\nCadres sur mesure.<\/span><\/em>[\/vc_column_text][\/vc_column_inner][\/vc_row_inner][vc_row_inner equal_height=\u00a0\u00bbyes\u00a0\u00bb][vc_column_inner width=\u00a0\u00bb1\/3&Prime; css=\u00a0\u00bb.vc_custom_1505483962485{margin-bottom: 35px !important;}\u00a0\u00bb][vc_icon icon_fontawesome=\u00a0\u00bbphoto-icon-focus-persons\u00a0\u00bb color=\u00a0\u00bbcustom\u00a0\u00bb background_style=\u00a0\u00bbrounded-outline\u00a0\u00bb background_color=\u00a0\u00bbcustom\u00a0\u00bb size=\u00a0\u00bbxl\u00a0\u00bb align=\u00a0\u00bbcenter\u00a0\u00bb custom_background_color=\u00a0\u00bb#c48f56&Prime;][vc_column_text]<\/p>\n<h6 style=\"text-align: center;\"><span style=\"text-transform: uppercase;\">Photo d&rsquo;Identit\u00e9<\/span><\/h6>\n<p style=\"text-align: center;\"><span style=\"font-size: 14px;\"><i>Venez en boutique sans RDV pour vos photos d&rsquo;identit\u00e9 officielle agr\u00e9es ANTS<br \/>\n10\u20ac la planche de 4 images, 12\u20ac les 6, 15\u20ac la planche ANTS (permis de conduire en ligne), 25\u20ac la version num\u00e9rique, pour CV ou autre.<\/i><\/span><\/p>\n<p>[\/vc_column_text][\/vc_column_inner][vc_column_inner width=\u00a0\u00bb1\/3&Prime; css=\u00a0\u00bb.vc_custom_1505483969540{margin-bottom: 35px !important;}\u00a0\u00bb][vc_icon icon_fontawesome=\u00a0\u00bbweb-design-icon-light-bulb\u00a0\u00bb color=\u00a0\u00bbcustom\u00a0\u00bb background_style=\u00a0\u00bbrounded-outline\u00a0\u00bb background_color=\u00a0\u00bbcustom\u00a0\u00bb size=\u00a0\u00bbxl\u00a0\u00bb align=\u00a0\u00bbcenter\u00a0\u00bb custom_background_color=\u00a0\u00bb#c48f56&Prime;][vc_column_text]<\/p>\n<h6 style=\"text-align: center;\"><span style=\"text-transform: uppercase;\">bon cadeau<\/span><\/h6>\n<p style=\"text-align: center;\"><span style=\"font-size: 14px;\"><i>Offrez une s\u00e9ance photo en studio ou en ext\u00e9rieur !<br \/>\nRendez-vous en boutique nous vous proposerons une formule cadeau adapt\u00e9e \u00e0 vos envies.<\/i><\/span>[\/vc_column_text][\/vc_column_inner][vc_column_inner width=\u00a0\u00bb1\/3&Prime; css=\u00a0\u00bb.vc_custom_1505483974400{margin-bottom: 35px !important;}\u00a0\u00bb][vc_icon icon_fontawesome=\u00a0\u00bbphoto-icon-tripod-with-camera\u00a0\u00bb color=\u00a0\u00bbcustom\u00a0\u00bb background_style=\u00a0\u00bbrounded-outline\u00a0\u00bb background_color=\u00a0\u00bbcustom\u00a0\u00bb size=\u00a0\u00bbxl\u00a0\u00bb align=\u00a0\u00bbcenter\u00a0\u00bb custom_background_color=\u00a0\u00bb#c48f56&Prime;][vc_column_text]<\/p>\n<h6 style=\"text-align: center;\"><span style=\"text-transform: uppercase;\">location borne Seflie<\/span><\/h6>\n<p style=\"text-align: center;\"><em><span style=\"font-size: 14px;\">290\u20ac pour 200 tirages au format 10x15cm<br \/>\n390\u20ac pour 400 tirages au format 10x15cm<br \/>\nCadre photo personnalisable<br \/>\nContactez-nous ou passer en boutique pour plus de renseignements<\/span><\/em>[\/vc_column_text][\/vc_column_inner][\/vc_row_inner][\/vc_column][\/vc_row][vc_row full_width=\u00a0\u00bbstretch_row_content_no_spaces\u00a0\u00bb equal_height=\u00a0\u00bbyes\u00a0\u00bb][vc_column css_animation=\u00a0\u00bbfadeInUp\u00a0\u00bb]<div class=\"price-list row price-list-59bbbd75471e6 type-big\"><div class=\"item price-list-item-5d64f71832789 white\" style=\"background-image: url(https:\/\/www.studiomaignan.com\/wp-content\/uploads\/2024\/01\/location-Borne-Seffie-Maignan-photographe-1.jpg)\">\r\n      <h6 class=\"h\">Tiny Selfie<br \/>\n\u00e0 partir de 290\u20ac<\/h6>\r\n      \r\n      \r\n      <div class=\"options\">\r\n        <div class=\"wrap\">\r\n          <div class=\"heading-decor\"><h5>Informations :<\/h5><\/div>\r\n          <div class=\"o-row\">290\u20ac pour 200 tirages au format 10x15cm<br \/><\/div><div class=\"o-row\">390\u20ac pour 400 tirages au format 10x15cm<br \/><\/div><div class=\"o-row\">Cadre photo personnalisable<br \/><\/div><div class=\"o-row\">Contactez-nous ou passer en boutique pour plus de renseignements<\/div>\r\n        <\/div>\r\n        <a href=\"#\" class=\"button-style1\">Options<span><\/span><\/a>\r\n      <\/div>\r\n    <\/div><div class=\"item price-list-item-5d64f7270e26b white\" style=\"background-image: url(https:\/\/www.studiomaignan.com\/wp-content\/uploads\/2024\/05\/banniere-photo-identite-ants.webp)\">\r\n      <h6 class=\"h\">Photo d'identit\u00e9 A.N.T.S<br \/>\nsans RDV<\/h6>\r\n      \r\n      \r\n      <div class=\"options\">\r\n        <div class=\"wrap\">\r\n          <div class=\"heading-decor\"><h5>informations :<\/h5><\/div>\r\n          <div class=\"o-row\">Photos d'identit\u00e9 officielle agr\u00e9es ANTS<br \/><\/div><div class=\"o-row\">&gt; les cartes nationales d'identit\u00e9, les passeports, les permis de conduire, les titres de s\u00e9jour, les cartes vitales, les visas<\/p><\/div><div class=\"o-row\"><p>Tarifs des diff\u00e9rents services :<br \/><\/div><div class=\"o-row\">10\u20ac la planche de 4 images<br \/><\/div><div class=\"o-row\">12\u20ac la planche de 6 images<br \/><\/div><div class=\"o-row\">15\u20ac la planche ANTS (permis de conduire en ligne)<br \/><\/div><div class=\"o-row\">25\u20ac la version num\u00e9rique, pour CV ou autre.<\/p><\/div><div class=\"o-row\"><p>Horaires d\u2019ouverture : du mardi au vendredi de 9h15 \u00e0 12h30 et 14h00 \u00e0 19h00<br \/><\/div><div class=\"o-row\">le samedi fermeture \u00e0 18h00 \u2013 Ferm\u00e9 le lundi<\/div>\r\n        <\/div>\r\n        <a href=\"#\" class=\"button-style1\">Options<span><\/span><\/a>\r\n      <\/div>\r\n    <\/div><\/div>[\/vc_column][\/vc_row]<\/p>\n<\/div>","protected":false},"excerpt":{"rendered":"<p>[vc_row full_width=\u00a0\u00bbstretch_row\u00a0\u00bb equal_height=\u00a0\u00bbyes\u00a0\u00bb content_placement=\u00a0\u00bbmiddle\u00a0\u00bb css=\u00a0\u00bb.vc_custom_1712781032037{padding-top: 95px !important;padding-bottom: 35px !important;}\u00a0\u00bb uniqid=\u00a0\u00bb5d64ed679b3ba\u00a0\u00bb][vc_column css_animation=\u00a0\u00bbfadeInLeft\u00a0\u00bb width=\u00a0\u00bb1\/2&Prime; uniqid=\u00a0\u00bb5d64c90a1a796&Prime;][\/vc_column][vc_column css_animation=\u00a0\u00bbfadeInRight\u00a0\u00bb width=\u00a0\u00bb1\/2&Prime; uniqid=\u00a0\u00bb5d64c9001f373&Prime;][vc_column_text css=\u00a0\u00bb.vc_custom_1712525044218{margin-bottom: 31px !important;}\u00a0\u00bb]La boutique est install\u00e9e depuis plus de 40 ans \u00e0 Vitr\u00e9, MAIGNAN Photographies est une entreprise familiale. Nous sommes Olivier et Anne, fr\u00e8re et soeur, et nous vous accueillons au magasin pour immortaliser les moments de votre [&hellip;]<\/p>\n","protected":false},"author":1,"featured_media":0,"parent":0,"menu_order":0,"comment_status":"closed","ping_status":"closed","template":"template-landing.php","meta":{"_acf_changed":false,"footnotes":""},"acf":[],"_links":{"self":[{"href":"https:\/\/www.studiomaignan.com\/index.php\/wp-json\/wp\/v2\/pages\/3428"}],"collection":[{"href":"https:\/\/www.studiomaignan.com\/index.php\/wp-json\/wp\/v2\/pages"}],"about":[{"href":"https:\/\/www.studiomaignan.com\/index.php\/wp-json\/wp\/v2\/types\/page"}],"author":[{"embeddable":true,"href":"https:\/\/www.studiomaignan.com\/index.php\/wp-json\/wp\/v2\/users\/1"}],"replies":[{"embeddable":true,"href":"https:\/\/www.studiomaignan.com\/index.php\/wp-json\/wp\/v2\/comments?post=3428"}],"version-history":[{"count":38,"href":"https:\/\/www.studiomaignan.com\/index.php\/wp-json\/wp\/v2\/pages\/3428\/revisions"}],"predecessor-version":[{"id":4121,"href":"https:\/\/www.studiomaignan.com\/index.php\/wp-json\/wp\/v2\/pages\/3428\/revisions\/4121"}],"wp:attachment":[{"href":"https:\/\/www.studiomaignan.com\/index.php\/wp-json\/wp\/v2\/media?parent=3428"}],"curies":[{"name":"wp","href":"https:\/\/api.w.org\/{rel}","templated":true}]}}